{"id":119,"date":"2015-08-27T22:06:03","date_gmt":"2015-08-27T20:06:03","guid":{"rendered":"http:\/\/www.kgvspallart.at\/wordpress\/?page_id=119"},"modified":"2023-03-14T23:16:17","modified_gmt":"2023-03-14T22:16:17","slug":"hauptseite","status":"publish","type":"page","link":"https:\/\/www.kgvspallart.at\/","title":{"rendered":""},"content":{"rendered":"\n<h3><strong>Willkommen auf unserer Homepage<\/strong><\/h3>\n<p>Auf diesen Seiten finden Sie Wissenswertes \u00fcber den Kleingartenverein, Infos f\u00fcr Mitglieder und Aktuelles rund um&nbsp;Haus und Garten.<\/p>\n<p><span style=\"background-color: #ffff99;\"><span style=\"color: #ff0000;\"><strong>Hinweis:<\/strong> Wir nehmen aktuell <strong>keine Vormerkungen<\/strong> f\u00fcr Kleing\u00e4rten entgegen<\/span>.<\/span>&nbsp;<br>Siehe auch: <a href=\"https:\/\/www.kgvspallart.at\/?page_id=5655\">Information<\/a><\/p>\n","protected":false},"excerpt":{"rendered":"<p>Willkommen auf unserer Homepage Auf diesen Seiten finden Sie Wissenswertes \u00fcber den Kleingartenverein, Infos f\u00fcr Mitglieder und Aktuelles rund um&nbsp;Haus und Garten. Hinweis: Wir nehmen aktuell keine Vormerkungen f\u00fcr Kleing\u00e4rten entgegen.&nbsp;Siehe auch: Information<\/p>\n<p> <a class=\"continue-reading-link\" href=\"https:\/\/www.kgvspallart.at\/\"><span>Mehr lesen<\/span><i class=\"crycon-right-dir\"><\/i><\/a> <\/p>\n","protected":false},"author":1,"featured_media":0,"parent":0,"menu_order":0,"comment_status":"closed","ping_status":"closed","template":"templates\/template-page-with-intro.php","meta":{"ngg_post_thumbnail":0,"_mc_calendar":[],"footnotes":""},"class_list":["post-119","page","type-page","status-publish","hentry"],"_links":{"self":[{"href":"https:\/\/www.kgvspallart.at\/index.php?rest_route=\/wp\/v2\/pages\/119","targetHints":{"allow":["GET"]}}],"collection":[{"href":"https:\/\/www.kgvspallart.at\/index.php?rest_route=\/wp\/v2\/pages"}],"about":[{"href":"https:\/\/www.kgvspallart.at\/index.php?rest_route=\/wp\/v2\/types\/page"}],"author":[{"embeddable":true,"href":"https:\/\/www.kgvspallart.at\/index.php?rest_route=\/wp\/v2\/users\/1"}],"replies":[{"embeddable":true,"href":"https:\/\/www.kgvspallart.at\/index.php?rest_route=%2Fwp%2Fv2%2Fcomments&post=119"}],"version-history":[{"count":31,"href":"https:\/\/www.kgvspallart.at\/index.php?rest_route=\/wp\/v2\/pages\/119\/revisions"}],"predecessor-version":[{"id":5937,"href":"https:\/\/www.kgvspallart.at\/index.php?rest_route=\/wp\/v2\/pages\/119\/revisions\/5937"}],"wp:attachment":[{"href":"https:\/\/www.kgvspallart.at\/index.php?rest_route=%2Fwp%2Fv2%2Fmedia&parent=119"}],"curies":[{"name":"wp","href":"https:\/\/api.w.org\/{rel}","templated":true}]}}