{"id":4863,"date":"2015-10-11T21:02:18","date_gmt":"2015-10-11T19:02:18","guid":{"rendered":"http:\/\/www.kgvspallart.at\/?page_id=4863"},"modified":"2024-03-11T15:04:10","modified_gmt":"2024-03-11T14:04:10","slug":"impressionen","status":"publish","type":"page","link":"https:\/\/www.kgvspallart.at\/?page_id=4863","title":{"rendered":"Impressionen"},"content":{"rendered":"<p>Kleing\u00e4rten sind ein Lebensraum f\u00fcr viele unterschiedliche Pflanzen- und Tierarten. Diese Vielfalt m\u00f6chten wir Ihnen hier zeigen. Viel Freude&nbsp;beim ansehen der Seiten.<\/p>\n","protected":false},"excerpt":{"rendered":"<p>Kleing\u00e4rten sind ein Lebensraum f\u00fcr viele unterschiedliche Pflanzen- und Tierarten. Diese Vielfalt m\u00f6chten wir Ihnen hier zeigen. Viel Freude&nbsp;beim ansehen der Seiten.<\/p>\n<p> <a class=\"continue-reading-link\" href=\"https:\/\/www.kgvspallart.at\/?page_id=4863\"><span>Mehr lesen<\/span><i class=\"crycon-right-dir\"><\/i><\/a> <\/p>\n","protected":false},"author":1,"featured_media":0,"parent":0,"menu_order":0,"comment_status":"closed","ping_status":"closed","template":"templates\/template-page-with-intro.php","meta":{"ngg_post_thumbnail":0,"_mc_calendar":[],"footnotes":""},"class_list":["post-4863","page","type-page","status-publish","hentry"],"_links":{"self":[{"href":"https:\/\/www.kgvspallart.at\/index.php?rest_route=\/wp\/v2\/pages\/4863","targetHints":{"allow":["GET"]}}],"collection":[{"href":"https:\/\/www.kgvspallart.at\/index.php?rest_route=\/wp\/v2\/pages"}],"about":[{"href":"https:\/\/www.kgvspallart.at\/index.php?rest_route=\/wp\/v2\/types\/page"}],"author":[{"embeddable":true,"href":"https:\/\/www.kgvspallart.at\/index.php?rest_route=\/wp\/v2\/users\/1"}],"replies":[{"embeddable":true,"href":"https:\/\/www.kgvspallart.at\/index.php?rest_route=%2Fwp%2Fv2%2Fcomments&post=4863"}],"version-history":[{"count":5,"href":"https:\/\/www.kgvspallart.at\/index.php?rest_route=\/wp\/v2\/pages\/4863\/revisions"}],"predecessor-version":[{"id":6174,"href":"https:\/\/www.kgvspallart.at\/index.php?rest_route=\/wp\/v2\/pages\/4863\/revisions\/6174"}],"wp:attachment":[{"href":"https:\/\/www.kgvspallart.at\/index.php?rest_route=%2Fwp%2Fv2%2Fmedia&parent=4863"}],"curies":[{"name":"wp","href":"https:\/\/api.w.org\/{rel}","templated":true}]}}