{"id":53,"date":"2015-04-12T16:28:37","date_gmt":"2015-04-12T15:28:37","guid":{"rendered":"http:\/\/kgvspallartneu.dopplinger.eu\/?page_id=53"},"modified":"2015-08-28T00:14:55","modified_gmt":"2015-08-27T22:14:55","slug":"copyright-impressum","status":"publish","type":"page","link":"https:\/\/www.kgvspallart.at\/?page_id=53","title":{"rendered":"Copyright &#038; Impressum"},"content":{"rendered":"<h1>Copyright<\/h1>\n<p>S\u00e4mtliche Inhalte unterliegen dem\u00a0Copyright des KGV SPALLART, sofern nicht anders gekennzeichnet. Texte, Bilder, Grafiken, Sound, Animationen und Videos unterliegen dem Schutz des Urheberrechts und anderer Schutzgesetze. Der Inhalt darf nicht zu kommerziellen Zwecken kopiert, verbreitet, ver\u00e4ndert oder Dritten zug\u00e4nglich gemacht werden. Soweit nicht anders angegeben, sind alle Markenzeichen, Logos und Embleme auf diesen Seiten markenrechtlich gesch\u00fctzt. Trotz gr\u00f6\u00dftm\u00f6glicher Sorgfalt bei der Erstellung dieser Web Site kann der KGV SPALLART nicht die Fehlerfreiheit und Genauigkeit der enthaltenen Informationen garantieren. Der KGV SPALLART schlie\u00dft jegliche Haftung f\u00fcr Sch\u00e4den, die direkt oder indirekt aus der Benutzung dieser Web Site entstehen, aus.<\/p>\n<h1>Verweise und Links<\/h1>\n<p>Bei direkten oder indirekten Verweisen auf fremde Internetseiten (Links), die au\u00dferhalb des Verantwortungsbereiches des KGV SPALLART liegen, w\u00fcrde eine Haftungsverpflichtung ausschlie\u00dflich in dem Fall in Kraft treten, in dem die Redaktion von den Inhalten Kenntnis hat und es ihr technisch m\u00f6glich und zumutbar w\u00e4re, die Nutzung im Falle rechtswidriger Inhalte zu verhindern. Die Redaktion erkl\u00e4rt daher ausdr\u00fccklich, dass zum Zeitpunkt der Linksetzung die entsprechenden verlinkten Seiten frei von illegalen Inhalten waren. Die Redaktion hat keinerlei Einfluss auf die aktuelle und zuk\u00fcnftige Gestaltung und auf die Inhalte der gelinkten\/verkn\u00fcpften Seiten. Deshalb distanziert sich der KGV SPALLART ausdr\u00fccklich von Inhalten aller gelinkten \/verkn\u00fcpften Seiten, die nach der Linksetzung ver\u00e4ndert wurden. F\u00fcr illegale, fehlerhafte oder unvollst\u00e4ndige Inhalte und insbesondere f\u00fcr Sch\u00e4den, die aus der Nutzung oder Nichtnutzung solcherart dargebotener Informationen entstehen, haftet allein der Anbieter der Seite, auf welche verwiesen wurde, nicht derjenige, der \u00fcber Links auf die jeweilige Ver\u00f6ffentlichung lediglich verweist.<\/p>\n<h1>Herausgeber:<\/h1>\n<p>KGV SPALLART<br \/>\nKGV Spallart 3\/31<br \/>\n1140 Wien<\/p>\n<p>Mail: <a href=\"mailto:verein@kgvspallart.at\">verein@kgvspallart.at<\/a><\/p>\n<h1>F\u00fcr den Inhalt verantwortlich:<\/h1>\n<p>KGV SPALLART<br \/>\nChristoph Dopplinger &#8211;\u00a0Webmaster<\/p>\n<p>Christoph Dopplinger<br \/>\n<a href=\"mailto:webmaster@kgvspallart.at\">webmaster@kgvspallart.at<\/a><\/p>\n","protected":false},"excerpt":{"rendered":"<p>Copyright S\u00e4mtliche Inhalte unterliegen dem\u00a0Copyright des KGV SPALLART, sofern nicht anders gekennzeichnet. Texte, Bilder, Grafiken, Sound, Animationen und Videos unterliegen dem Schutz des Urheberrechts und anderer Schutzgesetze. Der Inhalt darf nicht zu kommerziellen Zwecken kopiert, verbreitet, ver\u00e4ndert oder Dritten zug\u00e4nglich gemacht werden. Soweit nicht anders angegeben, sind alle Markenzeichen, Logos und Embleme auf diesen Seiten markenrechtlich gesch\u00fctzt. Trotz gr\u00f6\u00dftm\u00f6glicher Sorgfalt bei der Erstellung dieser Web Site kann der KGV SPALLART nicht die Fehlerfreiheit und Genauigkeit der enthaltenen Informationen garantieren. Der KGV SPALLART schlie\u00dft jegliche Haftung f\u00fcr Sch\u00e4den, die direkt oder indirekt aus der Benutzung dieser Web Site entstehen, aus. Verweise und Links Bei direkten oder indirekten Verweisen auf fremde Internetseiten (Links), die au\u00dferhalb des Verantwortungsbereiches des KGV SPALLART liegen, w\u00fcrde eine Haftungsverpflichtung ausschlie\u00dflich in dem Fall in Kraft treten, in dem die Redaktion von den Inhalten Kenntnis hat und es ihr technisch m\u00f6glich und zumutbar w\u00e4re, die Nutzung im Falle&#8230;<\/p>\n<p> <a class=\"continue-reading-link\" href=\"https:\/\/www.kgvspallart.at\/?page_id=53\"><span>Mehr lesen<\/span><i class=\"crycon-right-dir\"><\/i><\/a> <\/p>\n","protected":false},"author":1,"featured_media":0,"parent":36,"menu_order":0,"comment_status":"closed","ping_status":"closed","template":"","meta":{"ngg_post_thumbnail":0,"_mc_calendar":[],"footnotes":""},"class_list":["post-53","page","type-page","status-publish","hentry"],"_links":{"self":[{"href":"https:\/\/www.kgvspallart.at\/index.php?rest_route=\/wp\/v2\/pages\/53","targetHints":{"allow":["GET"]}}],"collection":[{"href":"https:\/\/www.kgvspallart.at\/index.php?rest_route=\/wp\/v2\/pages"}],"about":[{"href":"https:\/\/www.kgvspallart.at\/index.php?rest_route=\/wp\/v2\/types\/page"}],"author":[{"embeddable":true,"href":"https:\/\/www.kgvspallart.at\/index.php?rest_route=\/wp\/v2\/users\/1"}],"replies":[{"embeddable":true,"href":"https:\/\/www.kgvspallart.at\/index.php?rest_route=%2Fwp%2Fv2%2Fcomments&post=53"}],"version-history":[{"count":2,"href":"https:\/\/www.kgvspallart.at\/index.php?rest_route=\/wp\/v2\/pages\/53\/revisions"}],"predecessor-version":[{"id":135,"href":"https:\/\/www.kgvspallart.at\/index.php?rest_route=\/wp\/v2\/pages\/53\/revisions\/135"}],"up":[{"embeddable":true,"href":"https:\/\/www.kgvspallart.at\/index.php?rest_route=\/wp\/v2\/pages\/36"}],"wp:attachment":[{"href":"https:\/\/www.kgvspallart.at\/index.php?rest_route=%2Fwp%2Fv2%2Fmedia&parent=53"}],"curies":[{"name":"wp","href":"https:\/\/api.w.org\/{rel}","templated":true}]}}