{"id":5655,"date":"2021-05-08T11:39:35","date_gmt":"2021-05-08T09:39:35","guid":{"rendered":"https:\/\/www.kgvspallart.at\/?page_id=5655"},"modified":"2021-05-08T11:39:35","modified_gmt":"2021-05-08T09:39:35","slug":"anmeldung-fuer-einen-kleingarten","status":"publish","type":"page","link":"https:\/\/www.kgvspallart.at\/?page_id=5655","title":{"rendered":"Anmeldung f\u00fcr einen Kleingarten"},"content":{"rendered":"\n<p>Auf Grund der aktuell sehr hohen Anzahl an Vormerkungen f\u00fcr einen Kleingarten in unserer Anlage, werden bis auf Widerruf keine Anmeldungen mehr entgegengenommen.<\/p>\n<p>Sobald Anmeldungen wieder m\u00f6glich sind wird das auf dieser Seite kundgemacht.<\/p>\n<p>Besten Dank f\u00fcr Ihr Verst\u00e4ndnis.<\/p>\n<p>Die Vereinsleitung.<\/p>\n","protected":false},"excerpt":{"rendered":"<p>Auf Grund der aktuell sehr hohen Anzahl an Vormerkungen f\u00fcr einen Kleingarten in unserer Anlage, werden bis auf Widerruf keine Anmeldungen mehr entgegengenommen. Sobald Anmeldungen wieder m\u00f6glich sind wird das auf dieser Seite kundgemacht. Besten Dank f\u00fcr Ihr Verst\u00e4ndnis. Die Vereinsleitung.<\/p>\n<p> <a class=\"continue-reading-link\" href=\"https:\/\/www.kgvspallart.at\/?page_id=5655\"><span>Mehr lesen<\/span><i class=\"crycon-right-dir\"><\/i><\/a> <\/p>\n","protected":false},"author":1,"featured_media":0,"parent":56,"menu_order":0,"comment_status":"closed","ping_status":"closed","template":"","meta":{"ngg_post_thumbnail":0,"_mc_calendar":[],"footnotes":""},"class_list":["post-5655","page","type-page","status-publish","hentry"],"_links":{"self":[{"href":"https:\/\/www.kgvspallart.at\/index.php?rest_route=\/wp\/v2\/pages\/5655","targetHints":{"allow":["GET"]}}],"collection":[{"href":"https:\/\/www.kgvspallart.at\/index.php?rest_route=\/wp\/v2\/pages"}],"about":[{"href":"https:\/\/www.kgvspallart.at\/index.php?rest_route=\/wp\/v2\/types\/page"}],"author":[{"embeddable":true,"href":"https:\/\/www.kgvspallart.at\/index.php?rest_route=\/wp\/v2\/users\/1"}],"replies":[{"embeddable":true,"href":"https:\/\/www.kgvspallart.at\/index.php?rest_route=%2Fwp%2Fv2%2Fcomments&post=5655"}],"version-history":[{"count":1,"href":"https:\/\/www.kgvspallart.at\/index.php?rest_route=\/wp\/v2\/pages\/5655\/revisions"}],"predecessor-version":[{"id":5656,"href":"https:\/\/www.kgvspallart.at\/index.php?rest_route=\/wp\/v2\/pages\/5655\/revisions\/5656"}],"up":[{"embeddable":true,"href":"https:\/\/www.kgvspallart.at\/index.php?rest_route=\/wp\/v2\/pages\/56"}],"wp:attachment":[{"href":"https:\/\/www.kgvspallart.at\/index.php?rest_route=%2Fwp%2Fv2%2Fmedia&parent=5655"}],"curies":[{"name":"wp","href":"https:\/\/api.w.org\/{rel}","templated":true}]}}