{"id":5970,"date":"2023-05-19T21:50:05","date_gmt":"2023-05-19T19:50:05","guid":{"rendered":"https:\/\/www.kgvspallart.at\/?page_id=5970"},"modified":"2024-09-07T13:47:52","modified_gmt":"2024-09-07T11:47:52","slug":"tauschboerse","status":"publish","type":"page","link":"https:\/\/www.kgvspallart.at\/?page_id=5970","title":{"rendered":"Tauschb\u00f6rse"},"content":{"rendered":"\n<p>Wir wollen unseren Mitgliedern \u00fcber diese Seite die M\u00f6glichkeit geben Gegenst\u00e4nde zu tauschen, die nicht mehr gebraucht werden bzw. \u00fcbersch\u00fcssig sind. Das k\u00f6nnen z.B.: Pflanzen, Gartenger\u00e4te, Garten M\u00f6bel, etc. sein. Falls Sie etwas abzugeben oder zu tauschen haben bitte einfach eine e-Mail an <a href=\"mailto:webmaster@kgvspallart.at\">webmaster@kgvspallart.at<\/a> senden mit: Foto, kurzer Beschreibung und die Kontaktdaten, die auf der Web-Seite des Vereins publiziert werden d\u00fcrfen.<\/p>\n\n\n\n<div class=\"wp-block-columns is-layout-flex wp-container-core-columns-is-layout-9d6595d7 wp-block-columns-is-layout-flex\">\n<div class=\"wp-block-column is-layout-flow wp-block-column-is-layout-flow\" style=\"flex-basis:33.33%\">\n<h5 class=\"wp-block-heading has-text-align-center has-cyan-bluish-gray-background-color has-background\">Foto(s)<\/h5>\n<\/div>\n\n\n\n<div class=\"wp-block-column is-layout-flow wp-block-column-is-layout-flow\" style=\"flex-basis:66.66%\">\n<h5 class=\"wp-block-heading has-text-align-center has-cyan-bluish-gray-background-color has-background\">Beschreibung &amp; Kontaktdaten<\/h5>\n<\/div>\n<\/div>\n\n\n\n<div class=\"wp-block-columns is-layout-flex wp-container-core-columns-is-layout-9d6595d7 wp-block-columns-is-layout-flex\">\n<div class=\"wp-block-column is-layout-flow wp-block-column-is-layout-flow\" style=\"flex-basis:33.33%\"><\/div>\n\n\n\n<div class=\"wp-block-column is-layout-flow wp-block-column-is-layout-flow\" style=\"flex-basis:66.66%\">\n<p>Derzeit keine Eintr\u00e4ge vorhanden<\/p>\n<\/div>\n<\/div>\n\n\n\n<div class=\"wp-block-columns is-layout-flex wp-container-core-columns-is-layout-9d6595d7 wp-block-columns-is-layout-flex\">\n<div class=\"wp-block-column is-layout-flow wp-block-column-is-layout-flow\" style=\"flex-basis:33.33%\"><\/div>\n\n\n\n<div class=\"wp-block-column is-layout-flow wp-block-column-is-layout-flow\" style=\"flex-basis:66.66%\"><\/div>\n<\/div>\n\n\n\n<hr class=\"wp-block-separator has-alpha-channel-opacity\"\/>\n","protected":false},"excerpt":{"rendered":"<p>Wir wollen unseren Mitgliedern \u00fcber diese Seite die M\u00f6glichkeit geben Gegenst\u00e4nde zu tauschen, die nicht mehr gebraucht werden bzw. \u00fcbersch\u00fcssig sind. Das k\u00f6nnen z.B.: Pflanzen, Gartenger\u00e4te, Garten M\u00f6bel, etc. sein. Falls Sie etwas abzugeben oder zu tauschen haben bitte einfach eine e-Mail an webmaster@kgvspallart.at senden mit: Foto, kurzer Beschreibung und die Kontaktdaten, die auf der Web-Seite des Vereins publiziert werden d\u00fcrfen. Foto(s) Beschreibung &amp; Kontaktdaten Derzeit keine Eintr\u00e4ge vorhanden<\/p>\n<p> <a class=\"continue-reading-link\" href=\"https:\/\/www.kgvspallart.at\/?page_id=5970\"><span>Mehr lesen<\/span><i class=\"crycon-right-dir\"><\/i><\/a> <\/p>\n","protected":false},"author":1,"featured_media":0,"parent":0,"menu_order":0,"comment_status":"closed","ping_status":"closed","template":"","meta":{"ngg_post_thumbnail":0,"_mc_calendar":[],"footnotes":""},"class_list":["post-5970","page","type-page","status-publish","hentry"],"_links":{"self":[{"href":"https:\/\/www.kgvspallart.at\/index.php?rest_route=\/wp\/v2\/pages\/5970","targetHints":{"allow":["GET"]}}],"collection":[{"href":"https:\/\/www.kgvspallart.at\/index.php?rest_route=\/wp\/v2\/pages"}],"about":[{"href":"https:\/\/www.kgvspallart.at\/index.php?rest_route=\/wp\/v2\/types\/page"}],"author":[{"embeddable":true,"href":"https:\/\/www.kgvspallart.at\/index.php?rest_route=\/wp\/v2\/users\/1"}],"replies":[{"embeddable":true,"href":"https:\/\/www.kgvspallart.at\/index.php?rest_route=%2Fwp%2Fv2%2Fcomments&post=5970"}],"version-history":[{"count":50,"href":"https:\/\/www.kgvspallart.at\/index.php?rest_route=\/wp\/v2\/pages\/5970\/revisions"}],"predecessor-version":[{"id":6265,"href":"https:\/\/www.kgvspallart.at\/index.php?rest_route=\/wp\/v2\/pages\/5970\/revisions\/6265"}],"wp:attachment":[{"href":"https:\/\/www.kgvspallart.at\/index.php?rest_route=%2Fwp%2Fv2%2Fmedia&parent=5970"}],"curies":[{"name":"wp","href":"https:\/\/api.w.org\/{rel}","templated":true}]}}