{"id":6,"date":"2015-04-09T11:54:56","date_gmt":"2015-04-09T10:54:56","guid":{"rendered":"http:\/\/www.dopplinger.eu\/kgvspallartneu\/?page_id=2"},"modified":"2022-03-20T18:22:37","modified_gmt":"2022-03-20T17:22:37","slug":"about","status":"publish","type":"page","link":"https:\/\/www.kgvspallart.at\/?page_id=6","title":{"rendered":"Verein"},"content":{"rendered":"<p>Der Kleingartenverein Spallart &#8230;<\/p>\n<table>\n<tbody>\n<tr>\n<td width=\"33%\">\n<h2><a href=\"https:\/\/www.kgvspallart.at\/?page_id=5613\">Vereinsleitung<\/a><\/h2>\n<p>Die Vereinsleitung des KGV Spallart stellt sich auf dieser Seite vor &#8230;<\/td>\n<td width=\"34%\">\n<h2><a href=\"http:\/\/www.kgvspallart.at\/wordpress\/?page_id=24\">Fachberatung<\/a><\/h2>\n<p>Auf den Seiten der Fachberatung k\u00f6nnen Sie sich viele Infos holen, die f\u00fcr Sie als Kleing\u00e4rtner von Interesse sind &#8230;<\/td>\n<td width=\"33%\">\n<h2><a href=\"http:\/\/www.kgvspallart.at\/wordpress\/?page_id=8\">Geschichte<\/a><\/h2>\n<p>Hier finden Sie eine \u00dcbersicht \u00fcber die nun schon fast hundertj\u00e4hrige Vereinsgeschichte &#8230;<\/td>\n<\/tr>\n<\/tbody>\n<\/table>\n<table>\n<tbody>\n<tr>\n<td width=\"50%\">\n<h2><a href=\"http:\/\/www.kgvspallart.at\/wordpress\/wp-content\/uploads\/2015\/04\/SatzungenBeschlossen07032010Rev1.pdf\" target=\"_blank\" rel=\"noopener\">Statuten<\/a><\/h2>\n<p>Die Satzung des Vereins k\u00f6nnen Sie hier nachlesen. Einfach oben auf &#8222;Statuten&#8220; klicken.<\/td>\n<td width=\"50%\">\n<h2><a href=\"https:\/\/www.kgvspallart.at\/?page_id=5761\" target=\"_blank\" rel=\"noopener\">Gartenordnung<\/a><\/h2>\n<p>Die Gartenordnung&nbsp;des Vereins k\u00f6nnen Sie hier nachlesen. Einfach oben auf &#8222;Gartenordnung&#8220; klicken.<\/td>\n<\/tr>\n<\/tbody>\n<\/table>\n","protected":false},"excerpt":{"rendered":"<p>Der Kleingartenverein Spallart &#8230; Vereinsleitung Die Vereinsleitung des KGV Spallart stellt sich auf dieser Seite vor &#8230; Fachberatung Auf den Seiten der Fachberatung k\u00f6nnen Sie sich viele Infos holen, die f\u00fcr Sie als Kleing\u00e4rtner von Interesse sind &#8230; Geschichte Hier finden Sie eine \u00dcbersicht \u00fcber die nun schon fast hundertj\u00e4hrige Vereinsgeschichte &#8230; Statuten Die Satzung des Vereins k\u00f6nnen Sie hier nachlesen. Einfach oben auf &#8222;Statuten&#8220; klicken. Gartenordnung Die Gartenordnung&nbsp;des Vereins k\u00f6nnen Sie hier nachlesen. Einfach oben auf &#8222;Gartenordnung&#8220; klicken.<\/p>\n<p> <a class=\"continue-reading-link\" href=\"https:\/\/www.kgvspallart.at\/?page_id=6\"><span>Mehr lesen<\/span><i class=\"crycon-right-dir\"><\/i><\/a> <\/p>\n","protected":false},"author":1,"featured_media":0,"parent":0,"menu_order":0,"comment_status":"closed","ping_status":"closed","template":"","meta":{"ngg_post_thumbnail":0,"_mc_calendar":[],"footnotes":""},"class_list":["post-6","page","type-page","status-publish","hentry"],"_links":{"self":[{"href":"https:\/\/www.kgvspallart.at\/index.php?rest_route=\/wp\/v2\/pages\/6","targetHints":{"allow":["GET"]}}],"collection":[{"href":"https:\/\/www.kgvspallart.at\/index.php?rest_route=\/wp\/v2\/pages"}],"about":[{"href":"https:\/\/www.kgvspallart.at\/index.php?rest_route=\/wp\/v2\/types\/page"}],"author":[{"embeddable":true,"href":"https:\/\/www.kgvspallart.at\/index.php?rest_route=\/wp\/v2\/users\/1"}],"replies":[{"embeddable":true,"href":"https:\/\/www.kgvspallart.at\/index.php?rest_route=%2Fwp%2Fv2%2Fcomments&post=6"}],"version-history":[{"count":10,"href":"https:\/\/www.kgvspallart.at\/index.php?rest_route=\/wp\/v2\/pages\/6\/revisions"}],"predecessor-version":[{"id":5784,"href":"https:\/\/www.kgvspallart.at\/index.php?rest_route=\/wp\/v2\/pages\/6\/revisions\/5784"}],"wp:attachment":[{"href":"https:\/\/www.kgvspallart.at\/index.php?rest_route=%2Fwp%2Fv2%2Fmedia&parent=6"}],"curies":[{"name":"wp","href":"https:\/\/api.w.org\/{rel}","templated":true}]}}