{"id":76,"date":"2015-04-12T20:49:54","date_gmt":"2015-04-12T18:49:54","guid":{"rendered":"http:\/\/kgvspallartneu.dopplinger.eu\/?page_id=76"},"modified":"2026-03-08T16:47:01","modified_gmt":"2026-03-08T15:47:01","slug":"sprechstunden","status":"publish","type":"page","link":"https:\/\/www.kgvspallart.at\/?page_id=76","title":{"rendered":"Sprechtage 2026"},"content":{"rendered":"\n<p>Wir stehen Ihnen an den unten angef\u00fchrten Samstagen zwischen 15 und 16 Uhr zur Verf\u00fcgung.<\/p>\n\n\n\n<figure class=\"wp-block-table is-style-stripes has-medium-font-size\"><table><tbody><tr><td class=\"has-text-align-center\" data-align=\"center\">J\u00e4nner<\/td><td class=\"has-text-align-center\" data-align=\"center\">Februar<\/td><td class=\"has-text-align-center\" data-align=\"center\">M\u00e4rz<\/td><td class=\"has-text-align-center\" data-align=\"center\">April<\/td><\/tr><tr><td class=\"has-text-align-center\" data-align=\"center\">10.1.<\/td><td class=\"has-text-align-center\" data-align=\"center\">7.2.<\/td><td class=\"has-text-align-center\" data-align=\"center\">7.3.<\/td><td class=\"has-text-align-center\" data-align=\"center\">11.4.<\/td><\/tr><tr><td class=\"has-text-align-center\" data-align=\"center\">Mai<\/td><td class=\"has-text-align-center\" data-align=\"center\">Juni<\/td><td class=\"has-text-align-center\" data-align=\"center\">Juli<\/td><td class=\"has-text-align-center\" data-align=\"center\">August<\/td><\/tr><tr><td class=\"has-text-align-center\" data-align=\"center\">2.5.<\/td><td class=\"has-text-align-center\" data-align=\"center\">6.6.<\/td><td class=\"has-text-align-center\" data-align=\"center\">4.7.<\/td><td class=\"has-text-align-center\" data-align=\"center\">keiner<\/td><\/tr><tr><td class=\"has-text-align-center\" data-align=\"center\">September<\/td><td class=\"has-text-align-center\" data-align=\"center\">Oktober<\/td><td class=\"has-text-align-center\" data-align=\"center\">November<\/td><td class=\"has-text-align-center\" data-align=\"center\">Dezember<\/td><\/tr><tr><td class=\"has-text-align-center\" data-align=\"center\">5.9.<\/td><td class=\"has-text-align-center\" data-align=\"center\">3.10.<\/td><td class=\"has-text-align-center\" data-align=\"center\">7.11.<\/td><td class=\"has-text-align-center\" data-align=\"center\">5.12.<\/td><\/tr><\/tbody><\/table><\/figure>\n\n\n\n<p>Die ersten Sprechtage 2027 finden am 9. J\u00e4nner 2027, am 6. Februar 2027 und am 6. M\u00e4rz 2027 statt.<\/p>\n\n\n","protected":false},"excerpt":{"rendered":"<p>Wir stehen Ihnen an den unten angef\u00fchrten Samstagen zwischen 15 und 16 Uhr zur Verf\u00fcgung. J\u00e4nner Februar M\u00e4rz April 10.1. 7.2. 7.3. 11.4. Mai Juni Juli August 2.5. 6.6. 4.7. keiner September Oktober November Dezember 5.9. 3.10. 7.11. 5.12. Die ersten Sprechtage 2027 finden am 9. J\u00e4nner 2027, am 6. Februar 2027 und am 6. M\u00e4rz 2027 statt.<\/p>\n<p> <a class=\"continue-reading-link\" href=\"https:\/\/www.kgvspallart.at\/?page_id=76\"><span>Mehr lesen<\/span><i class=\"crycon-right-dir\"><\/i><\/a> <\/p>\n","protected":false},"author":1,"featured_media":0,"parent":26,"menu_order":0,"comment_status":"closed","ping_status":"closed","template":"","meta":{"ngg_post_thumbnail":0,"_mc_calendar":[],"footnotes":""},"class_list":["post-76","page","type-page","status-publish","hentry"],"_links":{"self":[{"href":"https:\/\/www.kgvspallart.at\/index.php?rest_route=\/wp\/v2\/pages\/76","targetHints":{"allow":["GET"]}}],"collection":[{"href":"https:\/\/www.kgvspallart.at\/index.php?rest_route=\/wp\/v2\/pages"}],"about":[{"href":"https:\/\/www.kgvspallart.at\/index.php?rest_route=\/wp\/v2\/types\/page"}],"author":[{"embeddable":true,"href":"https:\/\/www.kgvspallart.at\/index.php?rest_route=\/wp\/v2\/users\/1"}],"replies":[{"embeddable":true,"href":"https:\/\/www.kgvspallart.at\/index.php?rest_route=%2Fwp%2Fv2%2Fcomments&post=76"}],"version-history":[{"count":30,"href":"https:\/\/www.kgvspallart.at\/index.php?rest_route=\/wp\/v2\/pages\/76\/revisions"}],"predecessor-version":[{"id":6511,"href":"https:\/\/www.kgvspallart.at\/index.php?rest_route=\/wp\/v2\/pages\/76\/revisions\/6511"}],"up":[{"embeddable":true,"href":"https:\/\/www.kgvspallart.at\/index.php?rest_route=\/wp\/v2\/pages\/26"}],"wp:attachment":[{"href":"https:\/\/www.kgvspallart.at\/index.php?rest_route=%2Fwp%2Fv2%2Fmedia&parent=76"}],"curies":[{"name":"wp","href":"https:\/\/api.w.org\/{rel}","templated":true}]}}